{"id":94,"date":"2022-11-19T14:43:16","date_gmt":"2022-11-19T13:43:16","guid":{"rendered":"http:\/\/agidlac.cluster029.hosting.ovh.net\/?page_id=94"},"modified":"2022-11-28T15:42:00","modified_gmt":"2022-11-28T14:42:00","slug":"un-projet-citoyen-cest-quoi-au-fait","status":"publish","type":"page","link":"https:\/\/hbte.fr\/index.php\/un-projet-citoyen-cest-quoi-au-fait\/","title":{"rendered":"Un projet citoyen, c\u2019est quoi au fait ?"},"content":{"rendered":"\t\t<div data-elementor-type=\"wp-page\" data-elementor-id=\"94\" class=\"elementor elementor-94\">\n\t\t\t\t\t\t\t\t\t<section class=\"elementor-section elementor-top-section elementor-element elementor-element-b18ca6e elementor-section-stretched elementor-section-boxed elementor-section-height-default elementor-section-height-default\" data-id=\"b18ca6e\" data-element_type=\"section\" data-settings=\"{&quot;stretch_section&quot;:&quot;section-stretched&quot;}\">\n\t\t\t\t\t\t<div class=\"elementor-container elementor-column-gap-default\">\n\t\t\t\t\t<div class=\"elementor-column elementor-col-100 elementor-top-column elementor-element elementor-element-eba77fe\" data-id=\"eba77fe\" data-element_type=\"column\">\n\t\t\t<div class=\"elementor-widget-wrap elementor-element-populated\">\n\t\t\t\t\t\t\t\t<div class=\"elementor-element elementor-element-a79530e elementor-widget elementor-widget-text-editor\" data-id=\"a79530e\" data-element_type=\"widget\" data-widget_type=\"text-editor.default\">\n\t\t\t\t<div class=\"elementor-widget-container\">\n\t\t\t<style>\/*! elementor - v3.8.1 - 13-11-2022 *\/\n.elementor-widget-text-editor.elementor-drop-cap-view-stacked .elementor-drop-cap{background-color:#818a91;color:#fff}.elementor-widget-text-editor.elementor-drop-cap-view-framed .elementor-drop-cap{color:#818a91;border:3px solid;background-color:transparent}.elementor-widget-text-editor:not(.elementor-drop-cap-view-default) .elementor-drop-cap{margin-top:8px}.elementor-widget-text-editor:not(.elementor-drop-cap-view-default) .elementor-drop-cap-letter{width:1em;height:1em}.elementor-widget-text-editor .elementor-drop-cap{float:left;text-align:center;line-height:1;font-size:50px}.elementor-widget-text-editor .elementor-drop-cap-letter{display:inline-block}<\/style>\t\t\t\t<p>Les projets citoyens d\u2019\u00e9nergies renouvelables sont d\u00e9finis par la Charte d\u2019\u00c9nergie Partag\u00e9e, cr\u00e9\u00e9e en 2010 par les membres fondateurs de ce mouvement.<\/p>\t\t\t\t\t\t<\/div>\n\t\t\t\t<\/div>\n\t\t\t\t<section class=\"elementor-section elementor-inner-section elementor-element elementor-element-4940fec elementor-section-boxed elementor-section-height-default elementor-section-height-default\" data-id=\"4940fec\" data-element_type=\"section\">\n\t\t\t\t\t\t<div class=\"elementor-container elementor-column-gap-default\">\n\t\t\t\t\t<div class=\"elementor-column elementor-col-50 elementor-inner-column elementor-element elementor-element-2aa63fe\" data-id=\"2aa63fe\" data-element_type=\"column\">\n\t\t\t<div class=\"elementor-widget-wrap elementor-element-populated\">\n\t\t\t\t\t\t\t\t<div class=\"elementor-element elementor-element-c5cdfde elementor-widget elementor-widget-image\" data-id=\"c5cdfde\" data-element_type=\"widget\" data-widget_type=\"image.default\">\n\t\t\t\t<div class=\"elementor-widget-container\">\n\t\t\t<style>\/*! elementor - v3.8.1 - 13-11-2022 *\/\n.elementor-widget-image{text-align:center}.elementor-widget-image a{display:inline-block}.elementor-widget-image a img[src$=\".svg\"]{width:48px}.elementor-widget-image img{vertical-align:middle;display:inline-block}<\/style>\t\t\t\t\t\t\t\t\t\t\t\t<img loading=\"lazy\" decoding=\"async\" width=\"1024\" height=\"469\" src=\"https:\/\/hbte.fr\/wp-content\/uploads\/2022\/11\/collectif-HBTE-en-reunion.jpg\" class=\"attachment-large size-large\" alt=\"\" srcset=\"https:\/\/hbte.fr\/wp-content\/uploads\/2022\/11\/collectif-HBTE-en-reunion.jpg 1024w, https:\/\/hbte.fr\/wp-content\/uploads\/2022\/11\/collectif-HBTE-en-reunion-300x137.jpg 300w, https:\/\/hbte.fr\/wp-content\/uploads\/2022\/11\/collectif-HBTE-en-reunion-768x352.jpg 768w\" sizes=\"auto, (max-width: 1024px) 100vw, 1024px\" \/>\t\t\t\t\t\t\t\t\t\t\t\t\t\t\t<\/div>\n\t\t\t\t<\/div>\n\t\t\t\t\t<\/div>\n\t\t<\/div>\n\t\t\t\t<div class=\"elementor-column elementor-col-50 elementor-inner-column elementor-element elementor-element-d4b2506\" data-id=\"d4b2506\" data-element_type=\"column\">\n\t\t\t<div class=\"elementor-widget-wrap elementor-element-populated\">\n\t\t\t\t\t\t\t\t<div class=\"elementor-element elementor-element-64986e5 elementor-widget elementor-widget-text-editor\" data-id=\"64986e5\" data-element_type=\"widget\" data-widget_type=\"text-editor.default\">\n\t\t\t\t<div class=\"elementor-widget-container\">\n\t\t\t\t\t\t\t<p><strong>Ancrage local<\/strong>\u00a0: la soci\u00e9t\u00e9 qui exploite le projet est contr\u00f4l\u00e9e par les citoyens\u00a0 (et leurs groupements). Cela se traduit par leur participation majoritaire au capital et\/ou par un pacte d\u2019actionnaires garantissant ce contr\u00f4le dans la dur\u00e9e. On vise la cr\u00e9ation de circuits courts entre producteurs et consommateurs pour une prise de conscience du lien entre les besoins et les moyens de production.<\/p>\t\t\t\t\t\t<\/div>\n\t\t\t\t<\/div>\n\t\t\t\t\t<\/div>\n\t\t<\/div>\n\t\t\t\t\t\t\t<\/div>\n\t\t<\/section>\n\t\t\t\t<div class=\"elementor-element elementor-element-bef7b02 elementor-widget elementor-widget-text-editor\" data-id=\"bef7b02\" data-element_type=\"widget\" data-widget_type=\"text-editor.default\">\n\t\t\t\t<div class=\"elementor-widget-container\">\n\t\t\t\t\t\t\t\t\t\t\t\t\t<\/div>\n\t\t\t\t<\/div>\n\t\t\t\t\t<\/div>\n\t\t<\/div>\n\t\t\t\t\t\t\t<\/div>\n\t\t<\/section>\n\t\t\t\t\t\t\t<\/div>\n\t\t","protected":false},"excerpt":{"rendered":"<p>Les projets citoyens d\u2019\u00e9nergies renouvelables sont d\u00e9finis par la Charte d\u2019\u00c9nergie Partag\u00e9e, cr\u00e9\u00e9e en 2010 par les membres fondateurs de ce mouvement. Ancrage local\u00a0: la soci\u00e9t\u00e9 qui exploite le projet est contr\u00f4l\u00e9e par les citoyens\u00a0 (et leurs groupements). Cela se traduit par leur participation majoritaire au capital et\/ou par un pacte d\u2019actionnaires garantissant ce contr\u00f4le [&hellip;]<\/p>\n","protected":false},"author":1,"featured_media":0,"parent":0,"menu_order":0,"comment_status":"closed","ping_status":"closed","template":"","meta":{"om_disable_all_campaigns":false,"_mi_skip_tracking":false,"footnotes":""},"class_list":["post-94","page","type-page","status-publish","hentry"],"aioseo_notices":[],"_links":{"self":[{"href":"https:\/\/hbte.fr\/index.php\/wp-json\/wp\/v2\/pages\/94","targetHints":{"allow":["GET"]}}],"collection":[{"href":"https:\/\/hbte.fr\/index.php\/wp-json\/wp\/v2\/pages"}],"about":[{"href":"https:\/\/hbte.fr\/index.php\/wp-json\/wp\/v2\/types\/page"}],"author":[{"embeddable":true,"href":"https:\/\/hbte.fr\/index.php\/wp-json\/wp\/v2\/users\/1"}],"replies":[{"embeddable":true,"href":"https:\/\/hbte.fr\/index.php\/wp-json\/wp\/v2\/comments?post=94"}],"version-history":[{"count":25,"href":"https:\/\/hbte.fr\/index.php\/wp-json\/wp\/v2\/pages\/94\/revisions"}],"predecessor-version":[{"id":852,"href":"https:\/\/hbte.fr\/index.php\/wp-json\/wp\/v2\/pages\/94\/revisions\/852"}],"wp:attachment":[{"href":"https:\/\/hbte.fr\/index.php\/wp-json\/wp\/v2\/media?parent=94"}],"curies":[{"name":"wp","href":"https:\/\/api.w.org\/{rel}","templated":true}]}}