{"id":88,"date":"2022-11-19T14:38:31","date_gmt":"2022-11-19T13:38:31","guid":{"rendered":"http:\/\/agidlac.cluster029.hosting.ovh.net\/?page_id=88"},"modified":"2024-05-06T12:17:08","modified_gmt":"2024-05-06T10:17:08","slug":"notre-histoire","status":"publish","type":"page","link":"https:\/\/hbte.fr\/index.php\/notre-histoire\/","title":{"rendered":"Notre histoire"},"content":{"rendered":"\t\t<div data-elementor-type=\"wp-page\" data-elementor-id=\"88\" class=\"elementor elementor-88\">\n\t\t\t\t\t\t\t\t\t<section class=\"elementor-section elementor-top-section elementor-element elementor-element-a0492e5 elementor-section-stretched elementor-section-boxed elementor-section-height-default elementor-section-height-default\" data-id=\"a0492e5\" data-element_type=\"section\" data-settings=\"{&quot;stretch_section&quot;:&quot;section-stretched&quot;}\">\n\t\t\t\t\t\t<div class=\"elementor-container elementor-column-gap-default\">\n\t\t\t\t\t<div class=\"elementor-column elementor-col-100 elementor-top-column elementor-element elementor-element-b33a6df\" data-id=\"b33a6df\" data-element_type=\"column\">\n\t\t\t<div class=\"elementor-widget-wrap elementor-element-populated\">\n\t\t\t\t\t\t\t\t<div class=\"elementor-element elementor-element-3ec1000 elementor-widget elementor-widget-text-editor\" data-id=\"3ec1000\" data-element_type=\"widget\" data-widget_type=\"text-editor.default\">\n\t\t\t\t<div class=\"elementor-widget-container\">\n\t\t\t<style>\/*! elementor - v3.8.1 - 13-11-2022 *\/\n.elementor-widget-text-editor.elementor-drop-cap-view-stacked .elementor-drop-cap{background-color:#818a91;color:#fff}.elementor-widget-text-editor.elementor-drop-cap-view-framed .elementor-drop-cap{color:#818a91;border:3px solid;background-color:transparent}.elementor-widget-text-editor:not(.elementor-drop-cap-view-default) .elementor-drop-cap{margin-top:8px}.elementor-widget-text-editor:not(.elementor-drop-cap-view-default) .elementor-drop-cap-letter{width:1em;height:1em}.elementor-widget-text-editor .elementor-drop-cap{float:left;text-align:center;line-height:1;font-size:50px}.elementor-widget-text-editor .elementor-drop-cap-letter{display:inline-block}<\/style>\t\t\t\t<p>En 2014, l\u2019association Haut B\u00e9arn Transition Energ\u00e9tique (HBTE pour les intimes) est cr\u00e9\u00e9e par des hommes et des femmes anim\u00e9s par la volont\u00e9 de faire bouger les lignes.<\/p>\n<p>En 2016, un premier projet voit le jour avec la mise en place de panneaux solaires sur la toiture d\u2019une \u00e9cole de village (Eysus dans le 64). La Mairie, les adh\u00e9rents, les entreprises locales\u2026 tout le monde participe. L\u2019objectif est atteint : produire de l\u2019\u00e9nergie mais aussi sensibiliser les plus jeunes. Les dividendes g\u00e9n\u00e9r\u00e9s par la revente d\u2019\u00e9nergie \u00e0 Enercoop sont en effet r\u00e9investis pour financer des projets p\u00e9dagogiques dans les \u00e9coles du Haut B\u00e9arn gr\u00e2ce \u00e0 un partenariat pass\u00e9 avec l\u2019association B\u00e9arn Initiative Environnement.<\/p>\n<p>Fort de cette premi\u00e8re exp\u00e9rience, l\u2019\u00e9quipe se lance dans la recherche d\u2019autres toitures \u2026 sans succ\u00e8s. L\u2019\u00e9lan g\u00e9n\u00e9r\u00e9 lors du premier projet s\u2019essouffle.<\/p>\n<p>En 2019, Gilles rejoint le groupe qui ne compte plus que 4 actifs. Avec son \u0153il nouveau sur le projet et sa connaissance du territoire, il rallie les collectivit\u00e9s territoriales et les citoyens et d\u00e9pose une candidature \u00e0 l\u2019appel \u00e0 projet \u00ab&nbsp;Projet Participatif et Citoyen&nbsp;\u00bb port\u00e9 par l\u2019ADEME et la R\u00e9gion Nouvelle Aquitaine.<\/p>\n<p>Notre candidature est retenue, nous voil\u00e0 laur\u00e9at de l\u2019appel \u00e0 \u00ab&nbsp;Projet Participatif et Citoyen &nbsp;\u00bb ! Ce qui permet d\u2019obtenir des financements pour payer les pr\u00e9-\u00e9tudes de faisabilit\u00e9 de plusieurs projets nouvellement identifi\u00e9s. Le moral remonte en fl\u00e8che et l\u2019\u00e9quipe est plus motiv\u00e9e que jamais.<\/p>\n<p>A cette m\u00eame p\u00e9riode, suite au grand d\u00e9bat national qui anime la France et toutes ses communes , de nouvelles volont\u00e9s s\u2019expriment, la prise de conscience est l\u00e0 : il faut agir localement et maintenant !<\/p>\n<p>Plusieurs petites associations se constituent dans les villages mais le travail \u00e0 fournir est \u00e9norme. Entre projets et r\u00e9alit\u00e9 du terrain les groupes ne tiennent pas.&nbsp; Un nouvel objectif se dessine donc pour HBTE : cr\u00e9er des conditions qui permettent d\u2019accueillir de nouveaux collectifs pour unir nos forces. HBTE apporte ses moyens et son exp\u00e9rience, les nouvelles associations apportent projets et les forces vives.<\/p>\n<p>Aujourd\u2019hui une soci\u00e9t\u00e9 porteuse de projets a \u00e9t\u00e9 cr\u00e9\u00e9e \u00ab&nbsp;B\u00e9arn Energie Citoyenne&nbsp;\u00bb, trois projets sont en passe de jour le jour d\u00e9but 2022 et un premier rapprochement avec l\u2019association ASTER sur Pau est en cours.<\/p>\n<p>Les valeurs sont respect\u00e9es : produire localement de l\u2019\u00e9nergie verte, utiliser les dividendes g\u00e9n\u00e9r\u00e9es pour \u00e9laborer des projets p\u00e9dagogiques (\u00e9coles, universit\u00e9s, \u00e9coles d\u2019ing\u00e9nieur), rapprocher collectivit\u00e9s et citoyens, mettre en place une gouvernance citoyenne.<\/p>\n<p>! Vivement les 1ers Kilowatts!!<\/p>\n<p>EN DABAN !<\/p>\t\t\t\t\t\t<\/div>\n\t\t\t\t<\/div>\n\t\t\t\t<div class=\"elementor-element elementor-element-1b4ddf5 elementor-align-center elementor-widget elementor-widget-button\" data-id=\"1b4ddf5\" data-element_type=\"widget\" data-widget_type=\"button.default\">\n\t\t\t\t<div class=\"elementor-widget-container\">\n\t\t\t\t\t<div class=\"elementor-button-wrapper\">\n\t\t\t<a href=\"https:\/\/hbte.fr\/wp-content\/uploads\/2024\/05\/Statuts-BEC-version-Avril2023.pdf\" target=\"_blank\" class=\"elementor-button-link elementor-button elementor-size-sm\" role=\"button\">\n\t\t\t\t\t\t<span class=\"elementor-button-content-wrapper\">\n\t\t\t\t\t\t<span class=\"elementor-button-text\">Nos statuts<\/span>\n\t\t<\/span>\n\t\t\t\t\t<\/a>\n\t\t<\/div>\n\t\t\t\t<\/div>\n\t\t\t\t<\/div>\n\t\t\t\t\t<\/div>\n\t\t<\/div>\n\t\t\t\t\t\t\t<\/div>\n\t\t<\/section>\n\t\t\t\t<section class=\"elementor-section elementor-top-section elementor-element elementor-element-d100e2a elementor-section-boxed elementor-section-height-default elementor-section-height-default\" data-id=\"d100e2a\" data-element_type=\"section\">\n\t\t\t\t\t\t<div class=\"elementor-container elementor-column-gap-default\">\n\t\t\t\t\t<div class=\"elementor-column elementor-col-100 elementor-top-column elementor-element elementor-element-1760d54\" data-id=\"1760d54\" data-element_type=\"column\">\n\t\t\t<div class=\"elementor-widget-wrap\">\n\t\t\t\t\t\t\t\t\t<\/div>\n\t\t<\/div>\n\t\t\t\t\t\t\t<\/div>\n\t\t<\/section>\n\t\t\t\t\t\t\t<\/div>\n\t\t","protected":false},"excerpt":{"rendered":"<p>En 2014, l\u2019association Haut B\u00e9arn Transition Energ\u00e9tique (HBTE pour les intimes) est cr\u00e9\u00e9e par des hommes et des femmes anim\u00e9s par la volont\u00e9 de faire bouger les lignes. En 2016, un premier projet voit le jour avec la mise en place de panneaux solaires sur la toiture d\u2019une \u00e9cole de village (Eysus dans le 64). [&hellip;]<\/p>\n","protected":false},"author":1,"featured_media":0,"parent":0,"menu_order":0,"comment_status":"closed","ping_status":"closed","template":"","meta":{"om_disable_all_campaigns":false,"_mi_skip_tracking":false,"footnotes":""},"class_list":["post-88","page","type-page","status-publish","hentry"],"aioseo_notices":[],"_links":{"self":[{"href":"https:\/\/hbte.fr\/index.php\/wp-json\/wp\/v2\/pages\/88","targetHints":{"allow":["GET"]}}],"collection":[{"href":"https:\/\/hbte.fr\/index.php\/wp-json\/wp\/v2\/pages"}],"about":[{"href":"https:\/\/hbte.fr\/index.php\/wp-json\/wp\/v2\/types\/page"}],"author":[{"embeddable":true,"href":"https:\/\/hbte.fr\/index.php\/wp-json\/wp\/v2\/users\/1"}],"replies":[{"embeddable":true,"href":"https:\/\/hbte.fr\/index.php\/wp-json\/wp\/v2\/comments?post=88"}],"version-history":[{"count":13,"href":"https:\/\/hbte.fr\/index.php\/wp-json\/wp\/v2\/pages\/88\/revisions"}],"predecessor-version":[{"id":1129,"href":"https:\/\/hbte.fr\/index.php\/wp-json\/wp\/v2\/pages\/88\/revisions\/1129"}],"wp:attachment":[{"href":"https:\/\/hbte.fr\/index.php\/wp-json\/wp\/v2\/media?parent=88"}],"curies":[{"name":"wp","href":"https:\/\/api.w.org\/{rel}","templated":true}]}}