{"id":114,"date":"2022-11-19T14:50:56","date_gmt":"2022-11-19T13:50:56","guid":{"rendered":"http:\/\/agidlac.cluster029.hosting.ovh.net\/?page_id=114"},"modified":"2022-11-21T07:12:16","modified_gmt":"2022-11-21T06:12:16","slug":"faq","status":"publish","type":"page","link":"https:\/\/hbte.fr\/index.php\/faq\/","title":{"rendered":"FAQ"},"content":{"rendered":"<div data-colibri-id=\"114-c1\" class=\"style-481 style-local-114-c1 position-relative\">\n  <!---->\n  <div data-colibri-component=\"section\" data-colibri-id=\"114-c2\" id=\"custom-2\" class=\"h-section h-section-global-spacing d-flex align-items-lg-center align-items-md-center align-items-center style-486 style-local-114-c2 position-relative\">\n    <!---->\n    <!---->\n    <div class=\"h-section-grid-container h-section-boxed-container\">\n      <!---->\n      <div data-colibri-id=\"114-c3\" class=\"h-row-container gutters-row-lg-2 gutters-row-md-2 gutters-row-0 gutters-row-v-lg-2 gutters-row-v-md-2 gutters-row-v-2 style-489 style-local-114-c3 position-relative\">\n        <!---->\n        <div class=\"h-row justify-content-lg-center justify-content-md-center justify-content-center align-items-lg-stretch align-items-md-stretch align-items-stretch gutters-col-lg-2 gutters-col-md-2 gutters-col-0 gutters-col-v-lg-2 gutters-col-v-md-2 gutters-col-v-2\">\n          <!---->\n          <div class=\"h-column h-column-container d-flex h-col-lg-auto h-col-md-auto h-col-auto style-490-outer style-local-114-c4-outer\">\n            <div data-colibri-id=\"114-c4\" class=\"d-flex h-flex-basis h-column__inner h-px-lg-2 h-px-md-2 h-px-2 v-inner-lg-2 v-inner-md-2 v-inner-2 style-490 style-local-114-c4 position-relative\">\n              <!---->\n              <!---->\n              <div class=\"w-100 h-y-container h-column__content h-column__v-align flex-basis-100 align-self-lg-start align-self-md-start align-self-start\">\n                <!---->\n                <div data-colibri-id=\"114-c5\" class=\"h-text h-text-component style-491 style-local-114-c5 position-relative h-element\">\n                  <!---->\n                  <!---->\n                  <div class=\"\">\n                    <h2>La fabrication d\u2019un panneau solaire ne demande-t-elle pas beaucoup d\u2019\u00e9nergie ?<\/h2>\n                    <p>Les panneaux solaires sont compos\u00e9s principalement en grande partie de silicium. Ces&nbsp;derniers n\u00e9cessitent d\u2019\u00eatre pass\u00e9s dans des fours \u00e0 haute temp\u00e9rature pour \u00eatre&nbsp;pr\u00e9par\u00e9s, ce qui consomme beaucoup d\u2019\u00e9lectricit\u00e9. N\u00e9anmoins,\n                      les avanc\u00e9es&nbsp;technologiques de ces derni\u00e8res ann\u00e9es favorisent la baisse du besoin \u00e9nerg\u00e9tique&nbsp;n\u00e9cessaire \u00e0 la fabrication de ces panneaux photovolta\u00efques. En moyenne, il faut&nbsp;entre 1 et 3 ans pour amortir l\u2019\u00e9nergie\n                      d\u00e9pens\u00e9e \u00e0 la fabrication d\u2019un panneau solaire. De&nbsp;plus, certaines industries les produisant sont elles-m\u00eames aliment\u00e9es par des \u00e9nergies&nbsp;renouvelables comme les panneaux solaires.<\/p>\n                  <\/div>\n                <\/div>\n              <\/div>\n            <\/div>\n          <\/div>\n        <\/div>\n      <\/div>\n      <div data-colibri-id=\"114-c6\" class=\"h-row-container gutters-row-lg-2 gutters-row-md-2 gutters-row-0 gutters-row-v-lg-2 gutters-row-v-md-2 gutters-row-v-2 style-487 style-local-114-c6 position-relative\">\n        <!---->\n        <div class=\"h-row justify-content-lg-center justify-content-md-center justify-content-center align-items-lg-stretch align-items-md-stretch align-items-stretch gutters-col-lg-2 gutters-col-md-2 gutters-col-0 gutters-col-v-lg-2 gutters-col-v-md-2 gutters-col-v-2\">\n          <!---->\n          <div class=\"h-column h-column-container d-flex h-col-lg-auto h-col-md-auto h-col-auto style-488-outer style-local-114-c7-outer\">\n            <div data-colibri-id=\"114-c7\" class=\"d-flex h-flex-basis h-column__inner h-px-lg-2 h-px-md-2 h-px-2 v-inner-lg-2 v-inner-md-2 v-inner-2 style-488 style-local-114-c7 position-relative\">\n              <!---->\n              <!---->\n              <div class=\"w-100 h-y-container h-column__content h-column__v-align flex-basis-100 align-self-lg-start align-self-md-start align-self-start\">\n                <!---->\n                <div data-colibri-id=\"114-c8\" class=\"h-text h-text-component style-492 style-local-114-c8 position-relative h-element\">\n                  <!---->\n                  <!---->\n                  <div class=\"\">\n                    <h2>Les panneaux solaires peuvent-ils \u00eatre recycl\u00e9s ?<\/h2>\n                    <p>De nos jours, les panneaux solaires photovolta\u00efques sont recycl\u00e9s \u00e0 environ 90%. Ils sont&nbsp;essentiellement compos\u00e9s de silicium et de verre, deux mat\u00e9riaux auxquels il est facile&nbsp;de donner une seconde vie ! Les mat\u00e9riaux comme\n                      l\u2019aluminium (pour le cadre), le cuivre&nbsp;(pour les c\u00e2bles) ou encore de l\u2019argent (pour les soudures), sont \u00e9galement recyclables et&nbsp;r\u00e9utilis\u00e9s.\n                      <br>Apr\u00e8s la s\u00e9paration m\u00e9canique des c\u00e2bles, bo\u00eetes de jonction et cadres m\u00e9talliques, les&nbsp;cellules subissent un traitement chimique qui permet d\u2019extirper les contacts m\u00e9talliques&nbsp;et la couche anti-reflet.<\/p>\n                    <p>A savoir : Par arr\u00eat\u00e9 gouvernemental en date du 24 d\u00e9cembre 2014, l\u2019\u00e9co-organisme&nbsp;PV Cycle France, agr\u00e9\u00e9 par les pouvoirs publics, se charge d\u2019assurer gratuitement le&nbsp;recyclage et la collecte de vos panneaux photovolta\u00efques\n                      en fin de vie, dans le cadre de&nbsp;la r\u00e9glementation DEEE sur les d\u00e9chets \u00e9lectroniques.<\/p>\n                  <\/div>\n                <\/div>\n              <\/div>\n            <\/div>\n          <\/div>\n        <\/div>\n      <\/div>\n    <\/div>\n  <\/div>\n  <div data-colibri-component=\"section\" data-colibri-id=\"114-c9\" id=\"custom\" class=\"h-section h-section-global-spacing d-flex align-items-lg-center align-items-md-center align-items-center style-493 style-local-114-c9 position-relative\">\n    <!---->\n    <!---->\n    <div class=\"h-section-grid-container h-section-boxed-container\">\n      <!---->\n      <div data-colibri-id=\"114-c10\" class=\"h-row-container gutters-row-lg-2 gutters-row-md-2 gutters-row-0 gutters-row-v-lg-2 gutters-row-v-md-2 gutters-row-v-2 style-494 style-local-114-c10 position-relative\">\n        <!---->\n        <div class=\"h-row justify-content-lg-center justify-content-md-center justify-content-center align-items-lg-stretch align-items-md-stretch align-items-stretch gutters-col-lg-2 gutters-col-md-2 gutters-col-0 gutters-col-v-lg-2 gutters-col-v-md-2 gutters-col-v-2\">\n          <!---->\n          <div class=\"h-column h-column-container d-flex h-col-lg-auto h-col-md-auto h-col-auto style-495-outer style-local-114-c11-outer\">\n            <div data-colibri-id=\"114-c11\" class=\"d-flex h-flex-basis h-column__inner h-px-lg-2 h-px-md-2 h-px-2 v-inner-lg-2 v-inner-md-2 v-inner-2 style-495 style-local-114-c11 position-relative\">\n              <!---->\n              <!---->\n              <div class=\"w-100 h-y-container h-column__content h-column__v-align flex-basis-100 align-self-lg-start align-self-md-start align-self-start\">\n                <!---->\n                <div data-colibri-id=\"114-c12\" class=\"h-text h-text-component style-496 style-local-114-c12 position-relative h-element\">\n                  <!---->\n                  <!---->\n                  <div class=\"\">\n                    <h2>Quelle est la dur\u00e9e de vie des panneaux photovolta\u00efques ?<\/h2>\n                    <p>Il y a plus de 40 ans, la dur\u00e9e de vie \u00e9tait de 20 ans\u2026 Mais, elle ne l\u2019est plus aujourd\u2019hui.\n                      <br>Grace aux avanc\u00e9es scientifiques et les progr\u00e8s technologiques, la plupart des constructeurs garantissent dor\u00e9navant une production optimale de 25 ans. Cependant, cela ne signifie pas que les panneaux solaires ne fonctionnent plus\n                      apr\u00e8s cette date pour produire de l\u2019\u00e9lectricit\u00e9. En g\u00e9n\u00e9ral, les fabricants indiquent qu\u2019ils continueront encore de fonctionner \u00e0 80% de leur puissance initiale pendant plusieurs ann\u00e9es au-del\u00e0 de cette \u00e9ch\u00e9ance. De quoi continuer\n                      \u00e0 rentabiliser cet investissement en tirant profit d\u2019une \u00e9lectricit\u00e9 gratuite (hors maintenance) une fois le co\u00fbt de l\u2019installation amortie.<\/p>\n                  <\/div>\n                <\/div>\n              <\/div>\n            <\/div>\n          <\/div>\n        <\/div>\n      <\/div>\n    <\/div>\n  <\/div>\n  <div data-colibri-component=\"section\" data-colibri-id=\"114-c13\" id=\"custom-3\" class=\"h-section h-section-global-spacing d-flex align-items-lg-center align-items-md-center align-items-center style-497 style-local-114-c13 position-relative\">\n    <!---->\n    <!---->\n    <div class=\"h-section-grid-container h-section-boxed-container\">\n      <!---->\n      <div data-colibri-id=\"114-c14\" class=\"h-row-container gutters-row-lg-2 gutters-row-md-2 gutters-row-0 gutters-row-v-lg-2 gutters-row-v-md-2 gutters-row-v-2 style-498 style-local-114-c14 position-relative\">\n        <!---->\n        <div class=\"h-row justify-content-lg-center justify-content-md-center justify-content-center align-items-lg-stretch align-items-md-stretch align-items-stretch gutters-col-lg-2 gutters-col-md-2 gutters-col-0 gutters-col-v-lg-2 gutters-col-v-md-2 gutters-col-v-2\">\n          <!---->\n          <div class=\"h-column h-column-container d-flex h-col-lg-auto h-col-md-auto h-col-auto style-499-outer style-local-114-c15-outer\">\n            <div data-colibri-id=\"114-c15\" class=\"d-flex h-flex-basis h-column__inner h-px-lg-2 h-px-md-2 h-px-2 v-inner-lg-2 v-inner-md-2 v-inner-2 style-499 style-local-114-c15 position-relative\">\n              <!---->\n              <!---->\n              <div class=\"w-100 h-y-container h-column__content h-column__v-align flex-basis-100 align-self-lg-start align-self-md-start align-self-start\">\n                <!---->\n                <div data-colibri-id=\"114-c16\" class=\"h-text h-text-component style-500 style-local-114-c16 position-relative h-element\">\n                  <!---->\n                  <!---->\n                  <div class=\"\">\n                    <h2>Le photovolta\u00efque n\u2019est-il pas inconciliable avec les besoins du r\u00e9seau ?<\/h2>\n                    <p>Tr\u00e8s centralis\u00e9e, l\u2019infrastructure fran\u00e7aise d\u2019\u00e9lectricit\u00e9 n\u2019a pas \u00e9t\u00e9 con\u00e7ue pour accueillir les petits postes d\u2019injection que sont les toitures photovolta\u00efques. Sans doute trop al\u00e9atoirement, diront les d\u00e9fenseurs des renouvelables,\n                      le gestionnaire de r\u00e9seau a fix\u00e9 \u00e0 30 % le seuil \u00e0 ne pas d\u00e9passer pour les \u00e9nergies renouvelables dont la production est difficilement pr\u00e9visible (principalement l\u2019\u00e9olien et le photovolta\u00efque). Pour autant, la mont\u00e9e en puissance\n                      des solutions de stockage pourrait changer la donne. De m\u00eame que les r\u00e9seaux intelligents (smartgrids) capables d\u2019envoyer des signaux pris aux consommateurs pour qu\u2019ils adaptent leur demande \u00e0 la production.<\/p>\n                    <p>Enfin, d\u2019ores et d\u00e9j\u00e0 rentable de l\u2019avis de ceux qui anticipent une hausse des prix de l\u2019\u00e9lectricit\u00e9, le d\u00e9veloppement de l\u2019autoconsommation permettra demain de mieux corr\u00e9ler l\u2019offre et la demande\u2026 Le chemin est encore sem\u00e9 d\u2019emb\u00fbches,\n                      en particulier pour d\u00e9finir la fiscalit\u00e9 \u00e0 appliquer pour l\u2019autoconsommation collective qui dans une logique de circuits courts permet aux \u00e9lectrons d\u2019emprunter le r\u00e9seau public sur des distances restreintes.<\/p>\n                  <\/div>\n                <\/div>\n              <\/div>\n            <\/div>\n          <\/div>\n        <\/div>\n      <\/div>\n    <\/div>\n  <\/div>\n<\/div>","protected":false},"excerpt":{"rendered":"<p>La fabrication d\u2019un panneau solaire ne demande-t-elle pas beaucoup d\u2019\u00e9nergie ? Les panneaux solaires sont compos\u00e9s principalement en grande partie de silicium. Ces&nbsp;derniers n\u00e9cessitent d\u2019\u00eatre pass\u00e9s dans des fours \u00e0 haute temp\u00e9rature pour \u00eatre&nbsp;pr\u00e9par\u00e9s, ce qui consomme beaucoup d\u2019\u00e9lectricit\u00e9. N\u00e9anmoins, les avanc\u00e9es&nbsp;technologiques de ces derni\u00e8res ann\u00e9es favorisent la baisse du besoin \u00e9nerg\u00e9tique&nbsp;n\u00e9cessaire \u00e0 la fabrication [&hellip;]<\/p>\n","protected":false},"author":1,"featured_media":0,"parent":0,"menu_order":0,"comment_status":"closed","ping_status":"closed","template":"page-templates\/full-width-page.php","meta":{"om_disable_all_campaigns":false,"_mi_skip_tracking":false,"footnotes":""},"class_list":["post-114","page","type-page","status-publish","hentry"],"aioseo_notices":[],"_links":{"self":[{"href":"https:\/\/hbte.fr\/index.php\/wp-json\/wp\/v2\/pages\/114","targetHints":{"allow":["GET"]}}],"collection":[{"href":"https:\/\/hbte.fr\/index.php\/wp-json\/wp\/v2\/pages"}],"about":[{"href":"https:\/\/hbte.fr\/index.php\/wp-json\/wp\/v2\/types\/page"}],"author":[{"embeddable":true,"href":"https:\/\/hbte.fr\/index.php\/wp-json\/wp\/v2\/users\/1"}],"replies":[{"embeddable":true,"href":"https:\/\/hbte.fr\/index.php\/wp-json\/wp\/v2\/comments?post=114"}],"version-history":[{"count":9,"href":"https:\/\/hbte.fr\/index.php\/wp-json\/wp\/v2\/pages\/114\/revisions"}],"predecessor-version":[{"id":505,"href":"https:\/\/hbte.fr\/index.php\/wp-json\/wp\/v2\/pages\/114\/revisions\/505"}],"wp:attachment":[{"href":"https:\/\/hbte.fr\/index.php\/wp-json\/wp\/v2\/media?parent=114"}],"curies":[{"name":"wp","href":"https:\/\/api.w.org\/{rel}","templated":true}]}}